{"id":147,"date":"2020-07-21T20:07:48","date_gmt":"2020-07-21T13:07:48","guid":{"rendered":"http:\/\/chinhdo.com.vn\/home\/?page_id=147"},"modified":"2020-07-21T20:07:48","modified_gmt":"2020-07-21T13:07:48","slug":"su-kien","status":"publish","type":"page","link":"https:\/\/chinhdo.com.vn\/home\/?page_id=147","title":{"rendered":"S\u1ef1 Ki\u1ec7n"},"content":{"rendered":"<div class=\"pt-cv-wrapper\"><div class=\"pt-cv-view pt-cv-collapsible\" id=\"pt-cv-view-c5ee5b520o\"><div data-id=\"pt-cv-page-1\" class=\"pt-cv-page\" data-cvc=\"1\"><div class=\"panel-group\" id=\"aee6de4nd8\"><div class=\"panel panel-default pt-cv-content-item pt-cv-2-col\"  data-pid=\"4419\">\r\n<div class=\"panel-heading\">\r\n    <a class=\"panel-title\" data-toggle=\"cvcollapse\" data-parent=\"#aee6de4nd8\" data-target=\"#a09779ftnq\" href='https:\/\/chinhdo.com.vn\/home\/?p=4419' onclick='event.preventDefault()'>\r\n\t\tH\u01b0\u1edbng D\u1eabn L\u00e0m Nhi\u1ec7m V\u1ee5 Ti\u1ebfn C\u1eed Ki\u1ebfm B\u1ed9i Ti\u1ec1n\t<\/a>\r\n\t<span class=\"pull-right clickable panel-collapsed\"><i class=\"glyphicon glyphicon-plus\"><\/i><\/span><\/div>\r\n<div id=\"a09779ftnq\" class=\"panel-collapse collapse in\">\r\n\t<div class=\"panel-body\">\r\n\t\t<a href=\"https:\/\/chinhdo.com.vn\/home\/?p=4419\" class=\"_self pt-cv-href-thumbnail pt-cv-thumb-left cvplbd\" target=\"_self\" ><img data-recalc-dims=\"1\" decoding=\"async\"  src=\"https:\/\/i0.wp.com\/chinhdo.com.vn\/home\/wp-content\/uploads\/2026\/02\/nvdecu-1.jpg?w=300&#038;ssl=1\" class=\"pt-cv-thumbnail img-none pull-left cvp-substitute no-lazyload \" alt=\"H\u01b0\u1edbng D\u1eabn L\u00e0m Nhi\u1ec7m V\u1ee5 Ti\u1ebfn C\u1eed Ki\u1ebfm B\u1ed9i Ti\u1ec1n\" title=\"\" data-no-lazy=\"1\" \/><\/a>\n<div class=\"pt-cv-content\">Trong game chinh \u0111\u1ed3 nh\u1eefng acc c\u00f3 lv t\u1eeb 10 \u0111\u1ebfn 15 c\u00f3 th\u1ec3 \u0111\u1ebfn Thanh nguy\u00ean th\u00f4n g\u1eb7p NPC Qu\u1ea3n l\u00fd ng\u01b0\u1eddi ti\u1ebfn c\u1eed (113,107) \u0111\u1ec3 ti\u1ebfn c\u1eed m\u1ed9t ng\u01b0\u1eddi, ng\u01b0\u1eddi n\u00e0y c\u1ea5p ph\u1ea3i tr\u00ean 30. T\u1eeb \u0111\u00e2y m\u1ed7i c\u1ea5p \u0111\u1ed9 c\u1ee7a acc ti\u1ebfn c\u1eed s\u1ebd \u0111\u01b0\u1ee3c h\u1ec7 th\u1ed1ng ...<br \/><a href=\"https:\/\/chinhdo.com.vn\/home\/?p=4419\" class=\"_self pt-cv-readmore btn btn-success cvplbd\" target=\"_self\">Xem Chi Ti\u1ebft<\/a><\/div>\t<\/div>\r\n<\/div><\/div>\n<div class=\"panel panel-default pt-cv-content-item pt-cv-2-col\"  data-pid=\"135\">\r\n<div class=\"panel-heading\">\r\n    <a class=\"panel-title\" data-toggle=\"cvcollapse\" data-parent=\"#aee6de4nd8\" data-target=\"#13d358bvtj\" href='https:\/\/chinhdo.com.vn\/home\/?p=135' onclick='event.preventDefault()'>\r\n\t\tH\u01b0\u1edbng D\u1eabn Nhi\u1ec7m V\u1ee5 C\u01b0\u1edbp G\u1ea1ch Th\u00e1i Mi\u1ebfu\t<\/a>\r\n\t<span class=\"pull-right clickable panel-collapsed\"><i class=\"glyphicon glyphicon-plus\"><\/i><\/span><\/div>\r\n<div id=\"13d358bvtj\" class=\"panel-collapse collapse \">\r\n\t<div class=\"panel-body\">\r\n\t\t<a href=\"https:\/\/chinhdo.com.vn\/home\/?p=135\" class=\"_self pt-cv-href-thumbnail pt-cv-thumb-left cvplbd\" target=\"_self\" ><img data-recalc-dims=\"1\" decoding=\"async\"  src=\"https:\/\/i0.wp.com\/chinhdo.com.vn\/home\/wp-content\/uploads\/2020\/07\/Untitled-1-16.jpg?w=300\" class=\"pt-cv-thumbnail img-none pull-left cvp-substitute no-lazyload \" alt=\"H\u01b0\u1edbng D\u1eabn Nhi\u1ec7m V\u1ee5 C\u01b0\u1edbp G\u1ea1ch Th\u00e1i Mi\u1ebfu\" title=\"\" data-no-lazy=\"1\" \/><\/a>\n<div class=\"pt-cv-content\">H\u1eb1ng ng\u00e0y b\u1ea1n c\u00f3 3 l\u1ea7n th\u00e1o d\u1ee1 g\u1ea1ch th\u00e1i mi\u1ebfu \u0111\u1ecbch qu\u1ed1c \u0111\u1ec3 mang v\u1ec1 c\u1ed1ng hi\u1ebfn cho th\u00e1i mi\u1ebfu n\u01b0\u1edbc nh\u00e0. Di chuy\u1ec3 t\u1edbi th\u00e1i mi\u1ebfu \u0111\u1ecbch qu\u1ed1c: ch\u1ecdn d\u1ee1 b\u1ecf th\u00e1i mi\u1ebfu sau \u0111\u00f3 quai tr\u1edf v\u1ec1 th\u00e1i mi\u1ebfu n\u01b0\u1edbc nh\u00e0 ch\u1ecdn ki\u1ebfn thi\u1ebft th\u00e1i mi\u1ebfu Ngo\u00e0i ...<br \/><a href=\"https:\/\/chinhdo.com.vn\/home\/?p=135\" class=\"_self pt-cv-readmore btn btn-success cvplbd\" target=\"_self\">Xem Chi Ti\u1ebft<\/a><\/div>\t<\/div>\r\n<\/div><\/div>\n<div class=\"panel panel-default pt-cv-content-item pt-cv-2-col\"  data-pid=\"132\">\r\n<div class=\"panel-heading\">\r\n    <a class=\"panel-title\" data-toggle=\"cvcollapse\" data-parent=\"#aee6de4nd8\" data-target=\"#faa2b54yfi\" href='https:\/\/chinhdo.com.vn\/home\/?p=132' onclick='event.preventDefault()'>\r\n\t\tH\u01b0\u1edbng D\u1eabn Nhi\u1ec7m V\u1ee5 Qu\u1ed1c Gia\t<\/a>\r\n\t<span class=\"pull-right clickable panel-collapsed\"><i class=\"glyphicon glyphicon-plus\"><\/i><\/span><\/div>\r\n<div id=\"faa2b54yfi\" class=\"panel-collapse collapse \">\r\n\t<div class=\"panel-body\">\r\n\t\t<a href=\"https:\/\/chinhdo.com.vn\/home\/?p=132\" class=\"_self pt-cv-href-thumbnail pt-cv-thumb-left cvplbd\" target=\"_self\" ><img data-recalc-dims=\"1\" decoding=\"async\"  src=\"https:\/\/i0.wp.com\/chinhdo.com.vn\/home\/wp-content\/uploads\/2020\/07\/Untitled-1-15.jpg?w=300\" class=\"pt-cv-thumbnail img-none pull-left cvp-substitute no-lazyload \" alt=\"H\u01b0\u1edbng D\u1eabn Nhi\u1ec7m V\u1ee5 Qu\u1ed1c Gia\" title=\"\" data-no-lazy=\"1\" \/><\/a>\n<div class=\"pt-cv-content\">H\u1eb1ng ng\u00e0y t\u1ea5t c\u1ea3 nh\u00e2n s\u0129 trong n\u01b0\u1edbc \u0111\u1ec1u c\u00f3 th\u00ea t\u00ecm t\u1edbi NPC Nhi\u1ec7m V\u1ee5 Qu\u1ed1c Gia (810 521) \u0111\u1ec3 nh\u1eadn nhi\u1ec7m v\u1ee5 di\u1ec7t qu\u00e1i \u1edf \u0111\u1ecbch qu\u1ed1c Nhi\u1ec7m v\u1ee5 n\u00e0y c\u00f3 2 l\u1ef1a ch\u1ecdn. 1 l\u00e0 ti\u00eau di\u1ec7t 300 qu\u00e1i v\u1eadt c\u1ea5p \u0111\u1ed9 y\u00eau c\u1ea7u ho\u1eb7c Khi\u00eau Chi\u1ebfn ...<br \/><a href=\"https:\/\/chinhdo.com.vn\/home\/?p=132\" class=\"_self pt-cv-readmore btn btn-success cvplbd\" target=\"_self\">Xem Chi Ti\u1ebft<\/a><\/div>\t<\/div>\r\n<\/div><\/div>\n<div class=\"panel panel-default pt-cv-content-item pt-cv-2-col\"  data-pid=\"127\">\r\n<div class=\"panel-heading\">\r\n    <a class=\"panel-title\" data-toggle=\"cvcollapse\" data-parent=\"#aee6de4nd8\" data-target=\"#60ea15f3i4\" href='https:\/\/chinhdo.com.vn\/home\/?p=127' onclick='event.preventDefault()'>\r\n\t\tH\u01b0\u1edbng D\u1eabn Nhi\u1ec7m V\u1ee5 V\u1eadn Ti\u00eau Gia T\u1ed9c\t<\/a>\r\n\t<span class=\"pull-right clickable panel-collapsed\"><i class=\"glyphicon glyphicon-plus\"><\/i><\/span><\/div>\r\n<div id=\"60ea15f3i4\" class=\"panel-collapse collapse \">\r\n\t<div class=\"panel-body\">\r\n\t\t<a href=\"https:\/\/chinhdo.com.vn\/home\/?p=127\" class=\"_self pt-cv-href-thumbnail pt-cv-thumb-left cvplbd\" target=\"_self\" ><img data-recalc-dims=\"1\" decoding=\"async\"  src=\"https:\/\/i0.wp.com\/chinhdo.com.vn\/home\/wp-content\/uploads\/2020\/07\/Untitled-1-12.jpg?w=300\" class=\"pt-cv-thumbnail img-none pull-left cvp-substitute no-lazyload \" alt=\"H\u01b0\u1edbng D\u1eabn Nhi\u1ec7m V\u1ee5 V\u1eadn Ti\u00eau Gia T\u1ed9c\" title=\"\" data-no-lazy=\"1\" \/><\/a>\n<div class=\"pt-cv-content\">H\u1eb1ng ng\u00e0y gia t\u1ed9c t\u1eadp trung, T\u1ed9c tr\u01b0\u1edfng c\u00f3 th\u1ec3 t\u1edbi Long Ti\u00eau \u0110\u1ea7u (795,488) \u0111\u1ec3 nh\u1eadn ti\u00eau v\u00e0 v\u1eadn ti\u00eau t\u1edbi cho L\u01b0\u01a1ng Ti\u00eau \u0110\u1ea7u \u1edf ngo\u00e0i bi\u00ean gi\u1edbi. C\u00e1c th\u00e0nh vi\u00ean tham gia v\u1eadn ti\u00eau s\u1ebd nh\u1eadn \u0111\u01b0\u1ee3c c\u1ed1ng hi\u1ebfn gia t\u1ed9c v\u00e0 kinh nghi\u1ec7m. Th\u00e0nh vi\u00ean tham ...<br \/><a href=\"https:\/\/chinhdo.com.vn\/home\/?p=127\" class=\"_self pt-cv-readmore btn btn-success cvplbd\" target=\"_self\">Xem Chi Ti\u1ebft<\/a><\/div>\t<\/div>\r\n<\/div><\/div>\n<div class=\"panel panel-default pt-cv-content-item pt-cv-2-col\"  data-pid=\"120\">\r\n<div class=\"panel-heading\">\r\n    <a class=\"panel-title\" data-toggle=\"cvcollapse\" data-parent=\"#aee6de4nd8\" data-target=\"#3bd51b9sla\" href='https:\/\/chinhdo.com.vn\/home\/?p=120' onclick='event.preventDefault()'>\r\n\t\tH\u01b0\u1edbng D\u1eabn Nhi\u1ec7m V\u1ee5 \u0110\u1ea3o T\u1ef7 V\u00f5\t<\/a>\r\n\t<span class=\"pull-right clickable panel-collapsed\"><i class=\"glyphicon glyphicon-plus\"><\/i><\/span><\/div>\r\n<div id=\"3bd51b9sla\" class=\"panel-collapse collapse \">\r\n\t<div class=\"panel-body\">\r\n\t\t<a href=\"https:\/\/chinhdo.com.vn\/home\/?p=120\" class=\"_self pt-cv-href-thumbnail pt-cv-thumb-left cvplbd\" target=\"_self\" ><img data-recalc-dims=\"1\" decoding=\"async\"  src=\"https:\/\/i0.wp.com\/chinhdo.com.vn\/home\/wp-content\/uploads\/2020\/07\/Untitled-1-9.jpg?w=300\" class=\"pt-cv-thumbnail img-none pull-left cvp-substitute no-lazyload \" alt=\"H\u01b0\u1edbng D\u1eabn Nhi\u1ec7m V\u1ee5 \u0110\u1ea3o T\u1ef7 V\u00f5\" title=\"\" data-no-lazy=\"1\" \/><\/a>\n<div class=\"pt-cv-content\">H\u1eb1ng ng\u00e0y v\u00e0o khung gi\u1edd t\u1eeb 20h 30 \u0111\u1ebfn 21h t\u1ef7 v\u00f5 \u0111\u1ea3o s\u1ebd \u0111\u01b0\u1ee3c m\u1edf. C\u00e1c nh\u00e2n s\u0129 c\u00f3 th\u1ec3 v\u00e0o t\u1ef7 v\u00f5 \u0111\u1ea3o \u0111\u1ec3 nh\u1eadn exp. Trong t\u1ef7 v\u00f5 \u0111\u1ea3o c\u00f3 3 khu v\u1edbi m\u1ee9c \u0111\u1ed9 exp kh\u00e1c nhau. x1 Exp, x2 Exp, x5 Exp. t\u00ecm g\u1eb7p Npc ...<br \/><a href=\"https:\/\/chinhdo.com.vn\/home\/?p=120\" class=\"_self pt-cv-readmore btn btn-success cvplbd\" target=\"_self\">Xem Chi Ti\u1ebft<\/a><\/div>\t<\/div>\r\n<\/div><\/div>\n<div class=\"panel panel-default pt-cv-content-item pt-cv-2-col\"  data-pid=\"112\">\r\n<div class=\"panel-heading\">\r\n    <a class=\"panel-title\" data-toggle=\"cvcollapse\" data-parent=\"#aee6de4nd8\" data-target=\"#49725c84ij\" href='https:\/\/chinhdo.com.vn\/home\/?p=112' onclick='event.preventDefault()'>\r\n\t\tH\u01b0\u1edbng D\u1eabn Nhi\u1ec7m V\u1ee5 V\u1eadn Ti\u00eau V\u01b0\u01a1ng Th\u00e0nh\t<\/a>\r\n\t<span class=\"pull-right clickable panel-collapsed\"><i class=\"glyphicon glyphicon-plus\"><\/i><\/span><\/div>\r\n<div id=\"49725c84ij\" class=\"panel-collapse collapse \">\r\n\t<div class=\"panel-body\">\r\n\t\t<a href=\"https:\/\/chinhdo.com.vn\/home\/?p=112\" class=\"_self pt-cv-href-thumbnail pt-cv-thumb-left cvplbd\" target=\"_self\" ><img data-recalc-dims=\"1\" decoding=\"async\"  src=\"https:\/\/i0.wp.com\/chinhdo.com.vn\/home\/wp-content\/uploads\/2020\/07\/Untitled-1-6.jpg?w=300\" class=\"pt-cv-thumbnail img-none pull-left cvp-substitute no-lazyload \" alt=\"H\u01b0\u1edbng D\u1eabn Nhi\u1ec7m V\u1ee5 V\u1eadn Ti\u00eau V\u01b0\u01a1ng Th\u00e0nh\" title=\"\" data-no-lazy=\"1\" \/><\/a>\n<div class=\"pt-cv-content\">Nhi\u1ec7m v\u1ee5 v\u1eadn ti\u00eau l\u00e0 m\u1ed9t trong nh\u1eefng nhi\u1ec7m v\u1ee5 ng\u00e0y \u0111\u1eb7c s\u1eafc nh\u1ea5t trong chinh \u0111\u1ed3.\u00a0 T\u1eeb c\u1ea5p \u0111\u1ed9 50 tr\u1edf \u0111i qu\u00fd nh\u00e2n s\u0129 h\u1eb1ng ng\u00e0y c\u00f3 th\u1ec3 t\u00ecm t\u1edbi Tr\u1ecbnh Ti\u00eau \u0110\u1ea7u ( 828, 528) \u0111\u1ec3 nh\u1eadn ti\u00eau xa \u0110\u00ea nh\u1eadn ti\u00eau b\u1ea1n c\u1ea7n s\u1ed1 ti\u00ean t\u01b0\u01a1ng ...<br \/><a href=\"https:\/\/chinhdo.com.vn\/home\/?p=112\" class=\"_self pt-cv-readmore btn btn-success cvplbd\" target=\"_self\">Xem Chi Ti\u1ebft<\/a><\/div>\t<\/div>\r\n<\/div><\/div>\n<div class=\"panel panel-default pt-cv-content-item pt-cv-2-col\"  data-pid=\"104\">\r\n<div class=\"panel-heading\">\r\n    <a class=\"panel-title\" data-toggle=\"cvcollapse\" data-parent=\"#aee6de4nd8\" data-target=\"#faa10cbdcb\" href='https:\/\/chinhdo.com.vn\/home\/?p=104' onclick='event.preventDefault()'>\r\n\t\tH\u01b0\u1edbng D\u1eabn Nhi\u1ec7m V\u1ee5 Ch\u0103n Nu\u00f4i V\u01b0\u01a1ng Th\u00e0nh\t<\/a>\r\n\t<span class=\"pull-right clickable panel-collapsed\"><i class=\"glyphicon glyphicon-plus\"><\/i><\/span><\/div>\r\n<div id=\"faa10cbdcb\" class=\"panel-collapse collapse \">\r\n\t<div class=\"panel-body\">\r\n\t\t<a href=\"https:\/\/chinhdo.com.vn\/home\/?p=104\" class=\"_self pt-cv-href-thumbnail pt-cv-thumb-left cvplbd\" target=\"_self\" ><img data-recalc-dims=\"1\" decoding=\"async\"  src=\"https:\/\/i0.wp.com\/chinhdo.com.vn\/home\/wp-content\/uploads\/2020\/07\/Untitled-1-2.jpg?w=300\" class=\"pt-cv-thumbnail img-none pull-left cvp-substitute no-lazyload \" alt=\"H\u01b0\u1edbng D\u1eabn Nhi\u1ec7m V\u1ee5 Ch\u0103n Nu\u00f4i V\u01b0\u01a1ng Th\u00e0nh\" title=\"\" data-no-lazy=\"1\" \/><\/a>\n<div class=\"pt-cv-content\">H\u1eb1ng ng\u00e0y b\u1ea1n t\u01b0 c\u1ea5p \u0111\u1ed9 60 tr\u1edf l\u00ean c\u00f3 th\u1ec3 t\u00ecm t\u1edbi Npc B\u00e1 L\u1ea1c ( 852 502) v\u01b0\u01a1ng th\u00e0nh \u0111\u1ec3 nh\u1eadn nhi\u1ec7m v\u1ee5 ch\u0103n nu\u00f4i. Sau \u0111\u00f3 \u1ea5n ph\u00edm L m\u1edf b\u1ea3ng nhi\u1ec7m v\u1ee5 v\u00e0 chuy\u00ean sang tab Ph\u1ee5 Tuy\u1ebfn v\u00e0 l\u00e0m theo h\u01b0\u1edbng d\u1eabn. \u0110\u00e2y l\u00e0 1 ...<br \/><a href=\"https:\/\/chinhdo.com.vn\/home\/?p=104\" class=\"_self pt-cv-readmore btn btn-success cvplbd\" target=\"_self\">Xem Chi Ti\u1ebft<\/a><\/div>\t<\/div>\r\n<\/div><\/div>\n<div class=\"panel panel-default pt-cv-content-item pt-cv-2-col\"  data-pid=\"98\">\r\n<div class=\"panel-heading\">\r\n    <a class=\"panel-title\" data-toggle=\"cvcollapse\" data-parent=\"#aee6de4nd8\" data-target=\"#3a7d7cdqld\" href='https:\/\/chinhdo.com.vn\/home\/?p=98' onclick='event.preventDefault()'>\r\n\t\tH\u01b0\u1edbng D\u1eabn Nhi\u1ec7m V\u1ee5 Ph\u00e1 H\u1ee7y Long M\u1ea1ch\t<\/a>\r\n\t<span class=\"pull-right clickable panel-collapsed\"><i class=\"glyphicon glyphicon-plus\"><\/i><\/span><\/div>\r\n<div id=\"3a7d7cdqld\" class=\"panel-collapse collapse \">\r\n\t<div class=\"panel-body\">\r\n\t\t<a href=\"https:\/\/chinhdo.com.vn\/home\/?p=98\" class=\"_self pt-cv-href-thumbnail pt-cv-thumb-left cvplbd\" target=\"_self\" ><img data-recalc-dims=\"1\" decoding=\"async\"  src=\"https:\/\/i0.wp.com\/chinhdo.com.vn\/home\/wp-content\/uploads\/2020\/07\/Untitled-12.jpg?w=300\" class=\"pt-cv-thumbnail img-none pull-left cvp-substitute no-lazyload \" alt=\"H\u01b0\u1edbng D\u1eabn Nhi\u1ec7m V\u1ee5 Ph\u00e1 H\u1ee7y Long M\u1ea1ch\" title=\"\" data-no-lazy=\"1\" \/><\/a>\n<div class=\"pt-cv-content\">S\u00e9t v\u1ec1 phong th\u1ee7y \u0111\u1ec3 gi\u1ea3m s\u1ef1 c\u01b0\u1eddng th\u1ecbnh c\u1ee7a 1 qu\u1ed1c gia, nhi\u1ec7m v\u1ee5 ph\u00e1 h\u1ee7y long m\u1ea1ch gi\u00fap mang l\u1ea1i nhi\u1ec1u exp cho c\u00e1c nh\u00e2n s\u0129 nh\u01b0ng c\u0169ng \u1ea9n ch\u1ee9a nhi\u1ec1u r\u1ee7i ro nguy hi\u1ec3m N\u1ed9i dung c\u1ee7a nhi\u1ec7m v\u1ee5:\u00a0 Ng\u00e0y c\u00f3 th\u1ec3 l\u00e0m t\u1ed1i \u0111a 3 l\u1ea7n, ...<br \/><a href=\"https:\/\/chinhdo.com.vn\/home\/?p=98\" class=\"_self pt-cv-readmore btn btn-success cvplbd\" target=\"_self\">Xem Chi Ti\u1ebft<\/a><\/div>\t<\/div>\r\n<\/div><\/div>\n<div class=\"panel panel-default pt-cv-content-item pt-cv-2-col\"  data-pid=\"94\">\r\n<div class=\"panel-heading\">\r\n    <a class=\"panel-title\" data-toggle=\"cvcollapse\" data-parent=\"#aee6de4nd8\" data-target=\"#2c563f63z9\" href='https:\/\/chinhdo.com.vn\/home\/?p=94' onclick='event.preventDefault()'>\r\n\t\tH\u01b0\u1edbng D\u1eabn L\u00e0m Nhi\u1ec7m V\u1ee5 12 Con G\u00e1p\t<\/a>\r\n\t<span class=\"pull-right clickable panel-collapsed\"><i class=\"glyphicon glyphicon-plus\"><\/i><\/span><\/div>\r\n<div id=\"2c563f63z9\" class=\"panel-collapse collapse \">\r\n\t<div class=\"panel-body\">\r\n\t\t<a href=\"https:\/\/chinhdo.com.vn\/home\/?p=94\" class=\"_self pt-cv-href-thumbnail pt-cv-thumb-left cvplbd\" target=\"_self\" ><img data-recalc-dims=\"1\" decoding=\"async\"  src=\"https:\/\/i0.wp.com\/chinhdo.com.vn\/home\/wp-content\/uploads\/2020\/07\/Untitled-10.jpg?w=300\" class=\"pt-cv-thumbnail img-none pull-left cvp-substitute no-lazyload \" alt=\"H\u01b0\u1edbng D\u1eabn L\u00e0m Nhi\u1ec7m V\u1ee5 12 Con G\u00e1p\" title=\"\" data-no-lazy=\"1\" \/><\/a>\n<div class=\"pt-cv-content\">Khi \u0111\u1ea1t t\u1edbi c\u1ea5p \u0111\u1ed9 50 tr\u1edf l\u00ean qu\u00fd nh\u00e2n s\u0129 c\u00f3 th\u1ec3 t\u1edbi Npc Nhi\u1ec7m V\u1ee5 12 Con G\u00e1p ( 875 482) \u0111\u1ec3 nh\u1eadn nhi\u1ec7m v\u1ee5 12 con gi\u00e1p N\u1ed9i dung c\u1ee7a nhi\u1ec7m v\u1ee5 n\u00e0y l\u00e0 sang B\u1ea1ch C\u1ed1t \u0110\u1ed9ng c\u1ee7a \u0111\u1ecbch qu\u1ed1c t\u1ea7ng 1,2,3 \u0111\u1ec3 t\u00ecm c\u00e1c th\u1ebb ...<br \/><a href=\"https:\/\/chinhdo.com.vn\/home\/?p=94\" class=\"_self pt-cv-readmore btn btn-success cvplbd\" target=\"_self\">Xem Chi Ti\u1ebft<\/a><\/div>\t<\/div>\r\n<\/div><\/div>\n<div class=\"panel panel-default pt-cv-content-item pt-cv-2-col\"  data-pid=\"90\">\r\n<div class=\"panel-heading\">\r\n    <a class=\"panel-title\" data-toggle=\"cvcollapse\" data-parent=\"#aee6de4nd8\" data-target=\"#b6c231a8sj\" href='https:\/\/chinhdo.com.vn\/home\/?p=90' onclick='event.preventDefault()'>\r\n\t\tH\u01b0\u1edbng D\u1eabn L\u00e0m Nhi\u1ec7m V\u1ee5 S\u01a1n Ngo\u1ea1i S\u01a1n\t<\/a>\r\n\t<span class=\"pull-right clickable panel-collapsed\"><i class=\"glyphicon glyphicon-plus\"><\/i><\/span><\/div>\r\n<div id=\"b6c231a8sj\" class=\"panel-collapse collapse \">\r\n\t<div class=\"panel-body\">\r\n\t\t<a href=\"https:\/\/chinhdo.com.vn\/home\/?p=90\" class=\"_self pt-cv-href-thumbnail pt-cv-thumb-left cvplbd\" target=\"_self\" ><img data-recalc-dims=\"1\" decoding=\"async\"  src=\"https:\/\/i0.wp.com\/chinhdo.com.vn\/home\/wp-content\/uploads\/2020\/07\/Untitled-8.jpg?w=300\" class=\"pt-cv-thumbnail img-none pull-left cvp-substitute no-lazyload \" alt=\"H\u01b0\u1edbng D\u1eabn L\u00e0m Nhi\u1ec7m V\u1ee5 S\u01a1n Ngo\u1ea1i S\u01a1n\" title=\"\" data-no-lazy=\"1\" \/><\/a>\n<div class=\"pt-cv-content\">T\u1eeb c\u1ea5p \u0111\u1ed9 60 tr\u1edf \u0111i v\u00e0o khung th\u1eddi gian t\u1eeb 18h \u0111\u1ebfn 23h h\u1eb1ng ng\u00e0y qu\u00fd nh\u00e2n s\u0129 c\u00f3 th\u1ec3 t\u00ecm \u0111\u1ebfn Npc \u0110\u1ea1i Ki\u1ebfm S\u01b0 ( 871 478) \u1edf V\u01b0\u01a1ng Th\u00e0nh \u0111\u1ec3 nh\u1eadn nhi\u1ec7m v\u1ee5 S\u01a1n Ngo\u1ea1i S\u01a1n. M\u1ed7i ng\u00e0y c\u00f3 t\u1ed1i \u0111a 3 l\u1ea7n nh\u1eadn nhi\u1ec7m v\u1ee5 ...<br \/><a href=\"https:\/\/chinhdo.com.vn\/home\/?p=90\" class=\"_self pt-cv-readmore btn btn-success cvplbd\" target=\"_self\">Xem Chi Ti\u1ebft<\/a><\/div>\t<\/div>\r\n<\/div><\/div>\n<div class=\"panel panel-default pt-cv-content-item pt-cv-2-col\"  data-pid=\"86\">\r\n<div class=\"panel-heading\">\r\n    <a class=\"panel-title\" data-toggle=\"cvcollapse\" data-parent=\"#aee6de4nd8\" data-target=\"#8d1c185vjo\" href='https:\/\/chinhdo.com.vn\/home\/?p=86' onclick='event.preventDefault()'>\r\n\t\tH\u01b0\u1edbng D\u1eabn Nhi\u1ec7m V\u1ee5 \u00c1m S\u00e1t Ho\u00e0ng \u0110\u1ebf\t<\/a>\r\n\t<span class=\"pull-right clickable panel-collapsed\"><i class=\"glyphicon glyphicon-plus\"><\/i><\/span><\/div>\r\n<div id=\"8d1c185vjo\" class=\"panel-collapse collapse \">\r\n\t<div class=\"panel-body\">\r\n\t\t<a href=\"https:\/\/chinhdo.com.vn\/home\/?p=86\" class=\"_self pt-cv-href-thumbnail pt-cv-thumb-left cvplbd\" target=\"_self\" ><img data-recalc-dims=\"1\" decoding=\"async\"  src=\"https:\/\/i0.wp.com\/chinhdo.com.vn\/home\/wp-content\/uploads\/2020\/07\/Untitled-6.jpg?w=300\" class=\"pt-cv-thumbnail img-none pull-left cvp-substitute no-lazyload \" alt=\"H\u01b0\u1edbng D\u1eabn Nhi\u1ec7m V\u1ee5 \u00c1m S\u00e1t Ho\u00e0ng \u0110\u1ebf\" title=\"\" data-no-lazy=\"1\" \/><\/a>\n<div class=\"pt-cv-content\">H\u1eb1ng ng\u00e0y t\u01b0 12h \u0111\u1ebfn 24h c\u00e1c nh\u00e2n s\u0129 c\u00f3 c\u1ea5p \u0111\u1ed9 tr\u00ean 60 s\u1ebd c\u00f3 th\u1ec3 t\u1edbi Npc Ng\u1ee5y Chinh (847 439) t\u1ea1i V\u01b0\u01a1ng th\u00e0nh \u0111\u1ec3 nh\u1eadn nhi\u1ec7m v\u1ee5 \u00c1m S\u00e1t Ho\u00e0ng \u0110\u1ebf. sau \u0111\u00f3 qua V\u01b0\u01a1ng Th\u00e0nh \u0111\u1ecbch qu\u1ed1c t\u00ecm Npc Ho\u00e0ng \u0110\u1ebf \u0111\u1ec3 ph\u00e1 h\u1ee7y L\u01b0u \u00fd ...<br \/><a href=\"https:\/\/chinhdo.com.vn\/home\/?p=86\" class=\"_self pt-cv-readmore btn btn-success cvplbd\" target=\"_self\">Xem Chi Ti\u1ebft<\/a><\/div>\t<\/div>\r\n<\/div><\/div>\n<div class=\"panel panel-default pt-cv-content-item pt-cv-2-col\"  data-pid=\"81\">\r\n<div class=\"panel-heading\">\r\n    <a class=\"panel-title\" data-toggle=\"cvcollapse\" data-parent=\"#aee6de4nd8\" data-target=\"#87728e2246\" href='https:\/\/chinhdo.com.vn\/home\/?p=81' onclick='event.preventDefault()'>\r\n\t\tH\u01b0\u1edbng D\u1eabn Nhi\u1ec7m V\u1ee5 \u00c1m S\u00e1t Th\u00e1i T\u1eed\t<\/a>\r\n\t<span class=\"pull-right clickable panel-collapsed\"><i class=\"glyphicon glyphicon-plus\"><\/i><\/span><\/div>\r\n<div id=\"87728e2246\" class=\"panel-collapse collapse \">\r\n\t<div class=\"panel-body\">\r\n\t\t<a href=\"https:\/\/chinhdo.com.vn\/home\/?p=81\" class=\"_self pt-cv-href-thumbnail pt-cv-thumb-left cvplbd\" target=\"_self\" ><img data-recalc-dims=\"1\" decoding=\"async\"  src=\"https:\/\/i0.wp.com\/chinhdo.com.vn\/home\/wp-content\/uploads\/2020\/07\/Untitled-3.jpg?w=300\" class=\"pt-cv-thumbnail img-none pull-left cvp-substitute no-lazyload \" alt=\"H\u01b0\u1edbng D\u1eabn Nhi\u1ec7m V\u1ee5 \u00c1m S\u00e1t Th\u00e1i T\u1eed\" title=\"\" data-no-lazy=\"1\" \/><\/a>\n<div class=\"pt-cv-content\">H\u1eb1ng ng\u00e0y v\u00e0o th\u1eddi gian t\u1eeb 12h \u0111\u1ebfn 24h h\u1eb1ng ng\u00e0y, \u0111\u1ed1i v\u1edbi c\u00e1c nh\u1eadn s\u0129 \u0111\u1ea1t c\u1ea5p \u0111\u1ed9 50 tr\u1edf l\u00ean c\u00f3 th\u1ec3 t\u00ecm NPC Ng\u0169 C\u00f4ng Ch\u00faa ( 851, 443) t\u1ea1i V\u01b0\u01a1ng Th\u00e0nh \u0111\u1ec3 nh\u1eadn nhi\u1ec7m v\u1ee5. Sau \u0111\u00f3 b\u1ea1n qua bi\u00ean gi\u1edbi sang n\u01b0\u1edbc \u0111\u1ecbch t\u00ecm \u0111\u1ebfn ...<br \/><a href=\"https:\/\/chinhdo.com.vn\/home\/?p=81\" class=\"_self pt-cv-readmore btn btn-success cvplbd\" target=\"_self\">Xem Chi Ti\u1ebft<\/a><\/div>\t<\/div>\r\n<\/div><\/div>\n<div class=\"panel panel-default pt-cv-content-item pt-cv-2-col\"  data-pid=\"78\">\r\n<div class=\"panel-heading\">\r\n    <a class=\"panel-title\" data-toggle=\"cvcollapse\" data-parent=\"#aee6de4nd8\" data-target=\"#25a8bcbu4b\" href='https:\/\/chinhdo.com.vn\/home\/?p=78' onclick='event.preventDefault()'>\r\n\t\tH\u01b0\u1edbng D\u1eabn L\u00e0m Nhi\u1ec7m V\u1ee5 D\u00f2 Th\u00e1m T\u00ecnh H\u00ecnh\t<\/a>\r\n\t<span class=\"pull-right clickable panel-collapsed\"><i class=\"glyphicon glyphicon-plus\"><\/i><\/span><\/div>\r\n<div id=\"25a8bcbu4b\" class=\"panel-collapse collapse \">\r\n\t<div class=\"panel-body\">\r\n\t\t<a href=\"https:\/\/chinhdo.com.vn\/home\/?p=78\" class=\"_self pt-cv-href-thumbnail pt-cv-thumb-left cvplbd\" target=\"_self\" ><img data-recalc-dims=\"1\" decoding=\"async\"  src=\"https:\/\/i0.wp.com\/chinhdo.com.vn\/home\/wp-content\/uploads\/2020\/07\/Untitled-2.jpg?w=300\" class=\"pt-cv-thumbnail img-none pull-left cvp-substitute no-lazyload \" alt=\"H\u01b0\u1edbng D\u1eabn L\u00e0m Nhi\u1ec7m V\u1ee5 D\u00f2 Th\u00e1m T\u00ecnh H\u00ecnh\" title=\"\" data-no-lazy=\"1\" \/><\/a>\n<div class=\"pt-cv-content\">H\u1eb1ng ng\u00e0y qu\u00fd nh\u00e2n s\u0129 c\u00f3 th\u1ec3 t\u1edbi NPC Binh M\u00e3 \u0110\u1ea1i Nguy\u00ean So\u00e1i \u1edf V\u01b0\u01a1ng Th\u00e0nh \u0111\u1ec3 nh\u1eadn nhi\u1ec7m v\u1ee5 D\u00f2 Th\u00e1m v\u00e0 nh\u1eadn nhi\u1ec1u Exp h\u1ea5p d\u1eabn. Sau khi nh\u1eadn nhi\u1ec7m v\u1ee5 b\u1ea1n s\u1ebd l\u1ea7n l\u01b0\u1ee3t \u0111i t\u1edbi c\u00e1c n\u01b0\u1edbc v\u1eeba nh\u1eadn nhi\u1ec7m v\u1ee5. N\u1ebfu b\u1ea1n d\u01b0\u1edbi c\u1ea5p ...<br \/><a href=\"https:\/\/chinhdo.com.vn\/home\/?p=78\" class=\"_self pt-cv-readmore btn btn-success cvplbd\" target=\"_self\">Xem Chi Ti\u1ebft<\/a><\/div>\t<\/div>\r\n<\/div><\/div><\/div><\/div><\/div><\/div>\t\t\t<style type=\"text\/css\" id=\"pt-cv-inline-style-533a470tvx\">#pt-cv-view-c5ee5b520o  .pt-cv-content-item   { background-color: #2d2d2d !important; }\n#pt-cv-view-c5ee5b520o.pt-cv-post-border { margin: 0; border-top-width: 1px; border-left-width: 1px }\n#pt-cv-view-c5ee5b520o.pt-cv-post-border { margin: 0; border-top-style: solid; border-left-style: solid }\n#pt-cv-view-c5ee5b520o.pt-cv-post-border .pt-cv-content-item   { border-right-width: 1px; border-bottom-width: 1px; border-right-style: solid; border-bottom-style: solid; }\n#pt-cv-view-c5ee5b520o .pt-cv-title a, #pt-cv-view-c5ee5b520o  .panel-title { color: #9b9b9b !important; background-color: #191919 !important; font-weight: 600 !important; }\n#pt-cv-view-c5ee5b520o  .pt-cv-title a:hover, #pt-cv-view-c5ee5b520o  .panel-title:hover   { color: #b2b2b2 !important; }\n#pt-cv-view-c5ee5b520o  .pt-cv-hover-wrapper::before   { background-color: rgba(0,0,0,.3) !important; }\n#pt-cv-view-c5ee5b520o  .pt-cv-content-item:hover .pt-cv-hover-wrapper::before   { background-color: rgba(51,51,51,.6) !important; }\n#pt-cv-view-c5ee5b520o:not(.pt-cv-nohover) .pt-cv-mask *   { color: #fff; }\n#pt-cv-view-c5ee5b520o .pt-cv-carousel-caption  { background-color: rgba(51,51,51,.6) !important; }\n#pt-cv-view-c5ee5b520o .pt-cv-specialp { background-color: #CC3333 !important }\n#pt-cv-view-c5ee5b520o .pt-cv-specialp * { color: #fff !important; }\n#pt-cv-view-c5ee5b520o .pt-cv-pficon  { color: #bbb !important; }\n#pt-cv-view-c5ee5b520o  .add_to_cart_button, #pt-cv-view-c5ee5b520o  .add_to_cart_button *   { color: #ffffff !important; background-color: #00aeef !important; }\n#pt-cv-view-c5ee5b520o  .woocommerce-onsale   { color: #ffffff !important; background-color: #ff5a5f !important; }\n#pt-cv-view-c5ee5b520o .pt-cv-readmore  { color: #ffffff !important; background-color: #d10045 !important; }\n#pt-cv-view-c5ee5b520o .pt-cv-readmore:hover  { color: #ffffff !important; background-color: #2cf400 !important; }\n#pt-cv-view-c5ee5b520o  + .pt-cv-pagination-wrapper .pt-cv-more , #pt-cv-view-c5ee5b520o  + .pt-cv-pagination-wrapper .pagination .active a { color: #ffffff !important; background-color: #00aeef !important; }\n[id^='pt-cv-filter-bar-c5ee5b520o'] .active.pt-cv-filter-option, [id^='pt-cv-filter-bar-c5ee5b520o'] .active .pt-cv-filter-option, [id^='pt-cv-filter-bar-c5ee5b520o'] .selected.pt-cv-filter-option, [id^='pt-cv-filter-bar-c5ee5b520o'] .dropdown-toggle   { color: #fff !important; background-color: #00aeef !important; }\n[id^='pt-cv-filter-bar-c5ee5b520o'] .pt-cv-filter-title   { color: #fff !important; background-color: #00aeef !important; }\n#pt-cv-gls-c5ee5b520o li a.pt-active   { color: #fff !important; background-color: #ff5a5f !important; }\n#pt-cv-view-c5ee5b520o .pt-cv-gls-header  { color: #fff !important; background-color: #00aeef !important; }<\/style>\r\n\t\t\t\n","protected":false},"excerpt":{"rendered":"","protected":false},"author":1,"featured_media":0,"parent":0,"menu_order":0,"comment_status":"closed","ping_status":"closed","template":"","meta":{"footnotes":""},"class_list":["post-147","page","type-page","status-publish","hentry"],"jetpack_sharing_enabled":true,"_links":{"self":[{"href":"https:\/\/chinhdo.com.vn\/home\/index.php?rest_route=\/wp\/v2\/pages\/147","targetHints":{"allow":["GET"]}}],"collection":[{"href":"https:\/\/chinhdo.com.vn\/home\/index.php?rest_route=\/wp\/v2\/pages"}],"about":[{"href":"https:\/\/chinhdo.com.vn\/home\/index.php?rest_route=\/wp\/v2\/types\/page"}],"author":[{"embeddable":true,"href":"https:\/\/chinhdo.com.vn\/home\/index.php?rest_route=\/wp\/v2\/users\/1"}],"replies":[{"embeddable":true,"href":"https:\/\/chinhdo.com.vn\/home\/index.php?rest_route=%2Fwp%2Fv2%2Fcomments&post=147"}],"version-history":[{"count":1,"href":"https:\/\/chinhdo.com.vn\/home\/index.php?rest_route=\/wp\/v2\/pages\/147\/revisions"}],"predecessor-version":[{"id":148,"href":"https:\/\/chinhdo.com.vn\/home\/index.php?rest_route=\/wp\/v2\/pages\/147\/revisions\/148"}],"wp:attachment":[{"href":"https:\/\/chinhdo.com.vn\/home\/index.php?rest_route=%2Fwp%2Fv2%2Fmedia&parent=147"}],"curies":[{"name":"wp","href":"https:\/\/api.w.org\/{rel}","templated":true}]}}