{"id":152,"date":"2020-07-21T20:10:55","date_gmt":"2020-07-21T13:10:55","guid":{"rendered":"http:\/\/chinhdo.com.vn\/home\/?page_id=152"},"modified":"2020-07-21T20:10:55","modified_gmt":"2020-07-21T13:10:55","slug":"tin-tuc","status":"publish","type":"page","link":"https:\/\/chinhdo.com.vn\/home\/?page_id=152","title":{"rendered":"Tin T\u1ee9c"},"content":{"rendered":"<div class=\"pt-cv-wrapper\"><div class=\"pt-cv-view pt-cv-collapsible\" id=\"pt-cv-view-be8ffd44fw\"><div data-id=\"pt-cv-page-1\" class=\"pt-cv-page\" data-cvc=\"1\"><div class=\"panel-group\" id=\"0a53ae79hi\"><div class=\"panel panel-default pt-cv-content-item pt-cv-2-col\"  data-pid=\"197\">\r\n<div class=\"panel-heading\">\r\n    <a class=\"panel-title\" data-toggle=\"cvcollapse\" data-parent=\"#0a53ae79hi\" data-target=\"#9cfefe8dl7\" href='https:\/\/chinhdo.com.vn\/home\/?p=197' onclick='event.preventDefault()'>\r\n\t\tC\u1ed1t Truy\u1ec7n C\u1ee7a Chinh \u0110\u1ed3\t<\/a>\r\n\t<span class=\"pull-right clickable panel-collapsed\"><i class=\"glyphicon glyphicon-plus\"><\/i><\/span><\/div>\r\n<div id=\"9cfefe8dl7\" class=\"panel-collapse collapse in\">\r\n\t<div class=\"panel-body\">\r\n\t\t<a href=\"https:\/\/chinhdo.com.vn\/home\/?p=197\" class=\"_self pt-cv-href-thumbnail pt-cv-thumb-left cvplbd\" target=\"_self\" ><img data-recalc-dims=\"1\" decoding=\"async\"  src=\"https:\/\/i0.wp.com\/chinhdo.com.vn\/home\/wp-content\/uploads\/2020\/07\/Untitled-1-46.jpg?w=300\" class=\"pt-cv-thumbnail img-none pull-left cvp-substitute no-lazyload \" alt=\"C\u1ed1t Truy\u1ec7n C\u1ee7a Chinh \u0110\u1ed3\" title=\"\" data-no-lazy=\"1\" \/><\/a>\n<div class=\"pt-cv-content\">Ho\u00e0ng \u0111\u1ebf b\u0103ng h\u00e0, th\u00e1i t\u1eed b\u1ecb gi\u1ebft, thi\u00ean h\u1ea1 \u0111\u1ea1i lo\u1ea1n. Quan l\u1ea1i kh\u1eafp n\u01a1i t\u1ef1 phong v\u01b0\u01a1ng, ngh\u0129a qu\u00e2n c\u00e1c l\u1ed9 qu\u1ea5t c\u1edd kh\u1edfi ngh\u0129a, v\u00f5 l\u00e2m cao th\u1ee7 tr\u00f9ng hi\u1ec7n giang h\u1ed3. \u0110\u00f3 l\u00e0 b\u1ed1i c\u1ea3nh trong tr\u00f2 ch\u01a1i n\u1ed5i ti\u1ebfng c\u1ee7a Giant Interactive (Trung Qu\u1ed1c) s\u1ebd ...<br \/><a href=\"https:\/\/chinhdo.com.vn\/home\/?p=197\" class=\"_self pt-cv-readmore btn btn-success cvplbd\" target=\"_self\">Xem Chi Ti\u1ebft<\/a><\/div>\t<\/div>\r\n<\/div><\/div><\/div><\/div><\/div><\/div>\t\t\t<style type=\"text\/css\" id=\"pt-cv-inline-style-412813dqt9\">#pt-cv-view-be8ffd44fw  .pt-cv-content-item   { background-color: #3a3a3a !important; }\n#pt-cv-view-be8ffd44fw.pt-cv-post-border { margin: 0; border-top-width: 1px; border-left-width: 1px }\n#pt-cv-view-be8ffd44fw.pt-cv-post-border { margin: 0; border-top-style: solid; border-left-style: solid }\n#pt-cv-view-be8ffd44fw.pt-cv-post-border .pt-cv-content-item   { border-right-width: 1px; border-bottom-width: 1px; border-right-style: solid; border-bottom-style: solid; }\n#pt-cv-view-be8ffd44fw .pt-cv-title a, #pt-cv-view-be8ffd44fw  .panel-title { color: #cccccc !important; background-color: #303030 !important; font-weight: 600 !important; }\n#pt-cv-view-be8ffd44fw  .pt-cv-title a:hover, #pt-cv-view-be8ffd44fw  .panel-title:hover   { color: #cecece !important; }\n#pt-cv-view-be8ffd44fw  .pt-cv-hover-wrapper::before   { background-color: rgba(0,0,0,.3) !important; }\n#pt-cv-view-be8ffd44fw  .pt-cv-content-item:hover .pt-cv-hover-wrapper::before   { background-color: rgba(51,51,51,.6) !important; }\n#pt-cv-view-be8ffd44fw:not(.pt-cv-nohover) .pt-cv-mask *   { color: #fff; }\n#pt-cv-view-be8ffd44fw .pt-cv-carousel-caption  { background-color: rgba(51,51,51,.6) !important; }\n#pt-cv-view-be8ffd44fw .pt-cv-specialp { background-color: #CC3333 !important }\n#pt-cv-view-be8ffd44fw .pt-cv-specialp * { color: #fff !important; }\n#pt-cv-view-be8ffd44fw .pt-cv-pficon  { color: #bbb !important; }\n#pt-cv-view-be8ffd44fw  .add_to_cart_button, #pt-cv-view-be8ffd44fw  .add_to_cart_button *   { color: #ffffff !important; background-color: #00aeef !important; }\n#pt-cv-view-be8ffd44fw  .woocommerce-onsale   { color: #ffffff !important; background-color: #ff5a5f !important; }\n#pt-cv-view-be8ffd44fw .pt-cv-readmore  { color: #ffffff !important; background-color: #db0049 !important; }\n#pt-cv-view-be8ffd44fw .pt-cv-readmore:hover  { color: #ffffff !important; background-color: #23ed00 !important; }\n#pt-cv-view-be8ffd44fw  + .pt-cv-pagination-wrapper .pt-cv-more , #pt-cv-view-be8ffd44fw  + .pt-cv-pagination-wrapper .pagination .active a { color: #ffffff !important; background-color: #00aeef !important; }\n[id^='pt-cv-filter-bar-be8ffd44fw'] .active.pt-cv-filter-option, [id^='pt-cv-filter-bar-be8ffd44fw'] .active .pt-cv-filter-option, [id^='pt-cv-filter-bar-be8ffd44fw'] .selected.pt-cv-filter-option, [id^='pt-cv-filter-bar-be8ffd44fw'] .dropdown-toggle   { color: #fff !important; background-color: #00aeef !important; }\n[id^='pt-cv-filter-bar-be8ffd44fw'] .pt-cv-filter-title   { color: #fff !important; background-color: #00aeef !important; }\n#pt-cv-gls-be8ffd44fw li a.pt-active   { color: #fff !important; background-color: #ff5a5f !important; }\n#pt-cv-view-be8ffd44fw .pt-cv-gls-header  { color: #fff !important; background-color: #00aeef !important; }<\/style>\r\n\t\t\t\n","protected":false},"excerpt":{"rendered":"","protected":false},"author":1,"featured_media":0,"parent":0,"menu_order":0,"comment_status":"closed","ping_status":"closed","template":"","meta":{"footnotes":""},"class_list":["post-152","page","type-page","status-publish","hentry"],"jetpack_sharing_enabled":true,"_links":{"self":[{"href":"https:\/\/chinhdo.com.vn\/home\/index.php?rest_route=\/wp\/v2\/pages\/152","targetHints":{"allow":["GET"]}}],"collection":[{"href":"https:\/\/chinhdo.com.vn\/home\/index.php?rest_route=\/wp\/v2\/pages"}],"about":[{"href":"https:\/\/chinhdo.com.vn\/home\/index.php?rest_route=\/wp\/v2\/types\/page"}],"author":[{"embeddable":true,"href":"https:\/\/chinhdo.com.vn\/home\/index.php?rest_route=\/wp\/v2\/users\/1"}],"replies":[{"embeddable":true,"href":"https:\/\/chinhdo.com.vn\/home\/index.php?rest_route=%2Fwp%2Fv2%2Fcomments&post=152"}],"version-history":[{"count":1,"href":"https:\/\/chinhdo.com.vn\/home\/index.php?rest_route=\/wp\/v2\/pages\/152\/revisions"}],"predecessor-version":[{"id":153,"href":"https:\/\/chinhdo.com.vn\/home\/index.php?rest_route=\/wp\/v2\/pages\/152\/revisions\/153"}],"wp:attachment":[{"href":"https:\/\/chinhdo.com.vn\/home\/index.php?rest_route=%2Fwp%2Fv2%2Fmedia&parent=152"}],"curies":[{"name":"wp","href":"https:\/\/api.w.org\/{rel}","templated":true}]}}